{"id":15245,"date":"2023-03-30T20:03:24","date_gmt":"2023-03-30T18:03:24","guid":{"rendered":"https:\/\/klimalink.hr\/stg02032026\/trgovina\/Bez%20kategorije\/midea-klima-uredaj-msagbu-12hrfnx-mox102-12hfn8\/"},"modified":"2026-03-12T10:01:27","modified_gmt":"2026-03-12T09:01:27","slug":"midea-klima-uredaj-msagbu-12hrfnx-mox102-12hfn8","status":"publish","type":"product","link":"https:\/\/klimalink.hr\/stg02032026\/trgovina\/klima-uredaji\/klime-za-hladenje\/midea-klima-uredaj-msagbu-12hrfnx-mox102-12hfn8\/","title":{"rendered":"Midea klima ure\u0111aj Xtreme Save MSAGBU-12HRFNX \/ MOX102-12HFN8"},"content":{"rendered":"<p>Zidna unutarnja i vanjska jedinica<\/p>\n<p><strong>Kapacitet hla\u0111enja:<\/strong> 3,51 (1,08-4,09) kW<br \/>\n<strong>Kapacitet grijanja:<\/strong> 3,81 (1,08-4,22) kW<br \/>\n<strong>Prikladno za prostor:<\/strong> do 35m2<br \/>\n<strong>Energetska klasa:<\/strong> A++<br \/>\n<strong>Wi-fi<\/strong> upravljanje je uklju\u010deno u cijenu<br \/>\n<strong>Radna tvar:<\/strong> R-32<\/p>\n<p><strong>XTREME SAVE INVERTER<\/strong> &#8211; komplet zidna unutarnja i vanjska jedinica<\/p>\n<p><strong>XTREME INVERTER<\/strong> je toliko mo\u0107an kao \u0161to je i tih, sposoban jam\u010diti optimalni odmor za svakog \u010dlana obitelji. Opremljen je vode\u0107om Midea tehnologijom izvrsnih performansi s pa\u017enjom na potro\u0161nju.<\/p>\n<p><strong>MIDEA Xtreme Save<\/strong> \u2013 sna\u017ean klima ure\u0111aj uz minimalnu potro\u0161nju energije<br \/>\n<strong>iEco Mode uklju\u010duje:<\/strong><br \/>\n\u010cetvrtu generaciju \u03b1 Energy procesor<br \/>\nSmart Save Precision kontrolni algoritam<br \/>\nInverter Quattro kompresor<\/p>\n<p>Sna\u017eno grijanje ili hla\u0111enje za 30 sekundi<br \/>\nMidea klima ure\u0111aj s quattro inverterom primjenjuje tehnologiju pokretanja visoke frekvencije kako bi generirao sna\u017ean protok hladnog \/ toplog zraka u vrlo kratkom vremenu, a u svrhu Va\u0161e trenutne udobnosti.<\/p>\n<p><strong>Funkcije:<\/strong><\/p>\n<p>56\u00b0C STERI-CLEAN<br \/>\nUni\u0161tava bakterije i viruse zagrijavanjem ispariva\u010da na 56\u00b0C tijekom 30+ minuta.<\/p>\n<p>Filter visoke gusto\u0107e<br \/>\nEliminira neugodne mirise i nikotinski dim, hvata sitnije \u010destice pra\u0161ine, te spre\u010dava alergije.<\/p>\n<p>Anti-cold funkcija<br \/>\nNe dozvoljava rad ventilatora ukoliko temperatura na ispariva\u010du nije dovoljno visoka kako bi se sprije\u010dilo istrujavanje hladnog zraka u re\u017eimu grijanja.<\/p>\n<p>ECO funkcija<br \/>\nKlima ure\u0111aji primjenjuju inovativni ECO na\u010din rada u svrhu u\u0161tede energije. Pritiskom na gumb klima ure\u0111aj \u0107e raditi u 8-satnom re\u017eimu koji \u0161tedi 60% energije u odnosu na normalni na\u010din rada.<\/p>\n<p>Memorija polo\u017eaja klapne<br \/>\nKlapne \u0107e se automatski postaviti u isti polo\u017eaj u kojem su bile posljednji put kada je klima ure\u0111aj isklju\u010den.<\/p>\n<p>Automatski restart<br \/>\nAko za vrijeme rada nestane struje, ure\u0111aj \u0107e se ugasiti. Nakon povratka struje automatski se vra\u0107aju postavke spremljene u memoriji ure\u0111aja.<\/p>\n<p>No\u0107ni na\u010din rada<br \/>\nKlima ure\u0111aj \u0107e automatski dizati temperaturu (u hla\u0111enju) ili spu\u0161tati temperaturu (u grijanju) 1\u00b0C po satu kroz prva dva sata rada. Nakon toga temperatura ostaje ista, a klima ure\u0111aj se nakon 5 sati rada automatski gasi.<\/p>\n<p>Timer<br \/>\nTimer se mo\u017ee podesiti da pokrene i zaustavi klima ure\u0111aj u bilo kojem trenutku unutar 24 sata.<\/p>\n<p>Odvod kondenzata na dvije strane<br \/>\nOdvod kondenzata lako je spojiti lijevo ili desno na priklju\u010dak u unutarnjoj jedinici.<\/p>\n<p>Detekcija koli\u010dine freona<br \/>\nUnutarnja jedinica alarmira ukoliko do\u0111e do curenja plina iz sustava ili ukoliko ima vi\u0161ka freona u sustavu.<\/p>\n<p>Midea Xtreme posebna je po tihom radom te osigurava mir i ugodan klimatiziran prostor. Funkcija Super Quite optimizira rad i smanjuje razinu buke do razine \u0161apata.<\/p>\n<p>Midea Xtreme Save ima ugra\u0111en Wi-Fi adapter koji omogu\u0107uje upravljanje klima ure\u0111ajem putem pametnog telefona i tableta. Kako bi upravljali klima ure\u0111ajem putem pametnog telefona ili tableta potrebno je preuzeti aplikaciju Midea Air na Google Play-u za Android ili na App Store-u.<\/p>\n<p>&nbsp;<\/p>\n","protected":false},"excerpt":{"rendered":"<p>Zidna unutarnja i vanjska jedinica Kapacitet hla\u0111enja: 3,51 (1,08-4,09) kW Kapacitet grijanja: 3,81 (1,08-4,22) kW Prikladno za prostor: do 35m2 Energetska klasa: A++ Wi-fi upravljanje je uklju\u010deno u cijenu Radna tvar: R-32 XTREME SAVE INVERTER &#8211; komplet zidna unutarnja i vanjska jedinica XTREME INVERTER je toliko mo\u0107an kao \u0161to je i tih, sposoban jam\u010diti optimalni odmor&#8230;<\/p>\n","protected":false},"featured_media":16601,"comment_status":"open","ping_status":"closed","template":"","meta":{"inline_featured_image":false},"product_brand":[],"product_cat":[506,508,507,430],"product_tag":[],"class_list":{"0":"post-15245","1":"product","2":"type-product","3":"status-publish","4":"has-post-thumbnail","6":"product_cat-klima-uredaji","7":"product_cat-klime-za-grijanje","8":"product_cat-klime-za-hladenje","9":"product_cat-midea","11":"first","12":"instock","13":"shipping-taxable","14":"purchasable","15":"product-type-simple"},"etheme_brands":{"errors":{"invalid_taxonomy":["Nevaljana taksonomija."]},"error_data":[]},"_links":{"self":[{"href":"https:\/\/klimalink.hr\/stg02032026\/wp-json\/wp\/v2\/product\/15245","targetHints":{"allow":["GET"]}}],"collection":[{"href":"https:\/\/klimalink.hr\/stg02032026\/wp-json\/wp\/v2\/product"}],"about":[{"href":"https:\/\/klimalink.hr\/stg02032026\/wp-json\/wp\/v2\/types\/product"}],"replies":[{"embeddable":true,"href":"https:\/\/klimalink.hr\/stg02032026\/wp-json\/wp\/v2\/comments?post=15245"}],"version-history":[{"count":0,"href":"https:\/\/klimalink.hr\/stg02032026\/wp-json\/wp\/v2\/product\/15245\/revisions"}],"wp:featuredmedia":[{"embeddable":true,"href":"https:\/\/klimalink.hr\/stg02032026\/wp-json\/wp\/v2\/media\/16601"}],"wp:attachment":[{"href":"https:\/\/klimalink.hr\/stg02032026\/wp-json\/wp\/v2\/media?parent=15245"}],"wp:term":[{"taxonomy":"product_brand","embeddable":true,"href":"https:\/\/klimalink.hr\/stg02032026\/wp-json\/wp\/v2\/product_brand?post=15245"},{"taxonomy":"product_cat","embeddable":true,"href":"https:\/\/klimalink.hr\/stg02032026\/wp-json\/wp\/v2\/product_cat?post=15245"},{"taxonomy":"product_tag","embeddable":true,"href":"https:\/\/klimalink.hr\/stg02032026\/wp-json\/wp\/v2\/product_tag?post=15245"}],"curies":[{"name":"wp","href":"https:\/\/api.w.org\/{rel}","templated":true}]}}