{"id":15180,"date":"2023-03-30T20:03:05","date_gmt":"2023-03-30T18:03:05","guid":{"rendered":"https:\/\/klimalink.hr\/stg02032026\/trgovina\/Bez%20kategorije\/mitsubishi-electric-klima-uredaj-standard-eco-inverter-msz-hr42vfk-muz-hr42vf\/"},"modified":"2026-03-12T10:01:25","modified_gmt":"2026-03-12T09:01:25","slug":"mitsubishi-electric-klima-uredaj-standard-eco-inverter-msz-hr42vfk-muz-hr42vf","status":"publish","type":"product","link":"https:\/\/klimalink.hr\/stg02032026\/trgovina\/klima-uredaji\/klime-za-hladenje\/mitsubishi-electric-klima-uredaj-standard-eco-inverter-msz-hr42vfk-muz-hr42vf\/","title":{"rendered":"Mitsubishi Electric klima ure\u0111aj Standard Eco Inverter MSZ-HR42VFK\/MUZ-HR42VF"},"content":{"rendered":"<p>Mitsubishi Standard Eco Inverter ure\u0111aj je koji \u0107e Vas odu\u0161eviti jednostavno\u0161\u010du kori\u0161tenja i kompaktnim dimenzijama, zbog kojih se lako uklapa u svaki prostor. Energetski razred A++ jam\u010di nisku potro\u0161nju elekti\u010dne energije, wifi kontroler je standard i \u010dini Mitubishi Standard Eco Inverter odli\u010dnim izborom za savr\u0161en komfor Va\u0161eg doma u toplim ljetnim mjesecima.<\/p>\n<p>&nbsp;<\/p>\n<p><strong>U\u010dinak hla\u0111enja: 4,2(0,9-3,4)kW<\/strong><br \/>\nPrikladno za prostor: 45m2<br \/>\nEnergetski razred hla\u0111enja: A++<br \/>\nEnergetska u\u010dinkovitost SEER: 6,50W\/W<br \/>\nPotro\u0161nja el.energije: 0,64kW\/h<\/p>\n<p><strong>U\u010dinak grijanja: 4,7(0,9-5,4)kW<\/strong><br \/>\nPrikladno za prostor: 40m2<br \/>\nEnergetski razred grijanja: A+<br \/>\nEnergetska u\u010dinkovitost SCOP: 4,30W\/W<br \/>\nPotro\u0161nja el.energije: 0,66kW\/h<\/p>\n<p><strong>Unutarnja jedinica:<\/strong><br \/>\nRazina buke min\/max: 24\/46dBA<br \/>\nDimenzije (V x \u0160 x D): 280 x 838 x 228mm<br \/>\nTe\u017eina: 9,0kg<\/p>\n<p><strong>Vanjska jedinica:<\/strong><br \/>\nRazina buke: 51dBA<br \/>\nDimenzije (V x \u0160 x D): 550 x 800 x 285mm<br \/>\nTe\u017eina: 34,0kg<\/p>\n<p><strong>Podru\u010dje rada: +15\/+46C (hla\u0111enje), -10\/+24C (grijanje)<\/strong><br \/>\nEko plin: R-32<br \/>\nMaksimalna duljina cjevovoda: 20,0m<br \/>\nMaksimalna visinska razlika: 12,0m<br \/>\nPrednapunjena duljina cijevi: 7,0m<\/p>\n<p><strong>Funkcije i oprema<\/strong><br \/>\nWifi upravljanje<br \/>\nUnutarnja jedinica dolazi opremljena wifi adapterom koji omogu\u0107uje upravljanje ure\u0111ajem unutar i izvan ku\u0107e preko pametnog telefona.<\/p>\n<p>Tih na\u010din rada<br \/>\nSmanjite razinu buke ure\u0111aja na minimalnu.<\/p>\n<p>ECO na\u010din rada<br \/>\nOstvarite u\u0161tedu ekonomi\u010dnim radom ure\u0111aja &#8211; manji u\u010din, manja potro\u0161nja.<\/p>\n<p>Timer<br \/>\nPostavite vremenske intervale paljenja i ga\u0161enja<br \/>\nure\u0111aja automatski.<\/p>\n<p><strong>Jamstvo<\/strong><br \/>\nMitsubishi tvorni\u010dko Jamstvo &#8211; 3 godine uz obvezan godi\u0161nji jamstveni servis.<br \/>\nJamstvo na ure\u0111aj se ne priznaje ukoliko ure\u0111aj nije montiran od strane ovla\u0161tenog servisa i po pravilima struke.<\/p>\n","protected":false},"excerpt":{"rendered":"<p>Mitsubishi Standard Eco Inverter ure\u0111aj je koji \u0107e Vas odu\u0161eviti jednostavno\u0161\u010du kori\u0161tenja i kompaktnim dimenzijama, zbog kojih se lako uklapa u svaki prostor. Energetski razred A++ jam\u010di nisku potro\u0161nju elekti\u010dne energije, wifi kontroler je standard i \u010dini Mitubishi Standard Eco Inverter odli\u010dnim izborom za savr\u0161en komfor Va\u0161eg doma u toplim ljetnim mjesecima. &nbsp; U\u010dinak hla\u0111enja: 4,2(0,9-3,4)kW&#8230;<\/p>\n","protected":false},"featured_media":16609,"comment_status":"open","ping_status":"closed","template":"","meta":{"inline_featured_image":false},"product_brand":[],"product_cat":[506,507,421],"product_tag":[],"class_list":{"0":"post-15180","1":"product","2":"type-product","3":"status-publish","4":"has-post-thumbnail","6":"product_cat-klima-uredaji","7":"product_cat-klime-za-hladenje","8":"product_cat-mitsubishi-electric","10":"first","11":"instock","12":"sale","13":"shipping-taxable","14":"purchasable","15":"product-type-simple"},"etheme_brands":{"errors":{"invalid_taxonomy":["Nevaljana taksonomija."]},"error_data":[]},"_links":{"self":[{"href":"https:\/\/klimalink.hr\/stg02032026\/wp-json\/wp\/v2\/product\/15180","targetHints":{"allow":["GET"]}}],"collection":[{"href":"https:\/\/klimalink.hr\/stg02032026\/wp-json\/wp\/v2\/product"}],"about":[{"href":"https:\/\/klimalink.hr\/stg02032026\/wp-json\/wp\/v2\/types\/product"}],"replies":[{"embeddable":true,"href":"https:\/\/klimalink.hr\/stg02032026\/wp-json\/wp\/v2\/comments?post=15180"}],"version-history":[{"count":0,"href":"https:\/\/klimalink.hr\/stg02032026\/wp-json\/wp\/v2\/product\/15180\/revisions"}],"wp:featuredmedia":[{"embeddable":true,"href":"https:\/\/klimalink.hr\/stg02032026\/wp-json\/wp\/v2\/media\/16609"}],"wp:attachment":[{"href":"https:\/\/klimalink.hr\/stg02032026\/wp-json\/wp\/v2\/media?parent=15180"}],"wp:term":[{"taxonomy":"product_brand","embeddable":true,"href":"https:\/\/klimalink.hr\/stg02032026\/wp-json\/wp\/v2\/product_brand?post=15180"},{"taxonomy":"product_cat","embeddable":true,"href":"https:\/\/klimalink.hr\/stg02032026\/wp-json\/wp\/v2\/product_cat?post=15180"},{"taxonomy":"product_tag","embeddable":true,"href":"https:\/\/klimalink.hr\/stg02032026\/wp-json\/wp\/v2\/product_tag?post=15180"}],"curies":[{"name":"wp","href":"https:\/\/api.w.org\/{rel}","templated":true}]}}