{"id":15175,"date":"2023-03-30T20:03:04","date_gmt":"2023-03-30T18:03:04","guid":{"rendered":"https:\/\/klimalink.hr\/stg02032026\/trgovina\/Bez%20kategorije\/mitsubishi-electric-klima-uredaj-super-inverter-msz-ap35vg-muz-ap35vg\/"},"modified":"2026-03-12T10:01:25","modified_gmt":"2026-03-12T09:01:25","slug":"mitsubishi-electric-klima-uredaj-super-inverter-msz-ap35vg-muz-ap35vg","status":"publish","type":"product","link":"https:\/\/klimalink.hr\/stg02032026\/trgovina\/klima-uredaji\/klime-za-hladenje\/mitsubishi-electric-klima-uredaj-super-inverter-msz-ap35vg-muz-ap35vg\/","title":{"rendered":"Mitsubishi Electric klima ure\u0111aj Super Inverter+ MSZ-AY35VGKP\/MUZ-AY35VG"},"content":{"rendered":"<p>Mitsubishi Super Inverter + ure\u0111aj je najvi\u0161e energetske vrijednosti A+++ sa brojnim funkcionalnostima, od kojih su izra\u017eeni tih rad<br \/>\ni veoma niska potro\u0161nja energije posebno tokom mirovanja a \u010dine Mitsubishi Super Inverter + dobrim odabirom za niskoenergetska ku\u0107anstva.<br \/>\nJednostavan dizajn uz opciju wifi kontrolera osiguravaju elegantno rje\u0161enje uz visoku razinu komfora u Va\u0161em domu tokom cijele godine.<\/p>\n<p>&nbsp;<\/p>\n<p><strong>U\u010dinak hla\u0111enja: 3,5(1,1-3,8)kW<\/strong><br \/>\nPrikladno za prostor: 35m2<br \/>\nEnergetski razred hla\u0111enja: A+++<br \/>\nEnergetska u\u010dinkovitost SEER: 8,60W\/W<br \/>\nPotro\u0161nja el.energije: 0,40kW\/h<\/p>\n<p><strong>U\u010dinak grijanja: 4,0(1,3-4,6)kW<\/strong><br \/>\nPrikladno za prostor: 30m2<br \/>\nEnergetski razred grijanja: A++<br \/>\nEnergetska u\u010dinkovitost SCOP: 4,70W\/W<br \/>\nPotro\u0161nja el.energije: 0,61kW\/h<\/p>\n<p><strong>Unutarnja jedinica:<\/strong><br \/>\nRazina buke min\/max: 19\/45dBA<br \/>\nDimenzije (V x \u0160 x D): 299 x 798 x 219mm<br \/>\nTe\u017eina: 10,5kg<\/p>\n<p><strong>Vanjska jedinica:<\/strong><br \/>\nRazina buke: 50dBA<br \/>\nDimenzije (V x \u0160 x D): 550 x 800 x 285mm<br \/>\nTe\u017eina: 31,0kg<\/p>\n<p><strong>Podru\u010dje rada: -10\/+46C (hla\u0111enje), -15\/+24C (grijanje)<\/strong><br \/>\nEko plin: R-32<br \/>\nMaksimalna duljina cjevovoda: 20,0m<br \/>\nMaksimalna visinska razlika: 12,0m<br \/>\nPrednapunjena duljina cijevi: 7,0m<\/p>\n<p><strong>Jamstvo<\/strong><br \/>\nMitsubishi tvorni\u010dko Jamstvo &#8211; 3 godine uz obvezan godi\u0161nji jamstveni servis.<br \/>\nJamstvo na ure\u0111aj se ne priznaje ukoliko ure\u0111aj nije montiran od strane ovla\u0161tenog servisa i po pravilima struke.<\/p>\n","protected":false},"excerpt":{"rendered":"<p>Mitsubishi Super Inverter + ure\u0111aj je najvi\u0161e energetske vrijednosti A+++ sa brojnim funkcionalnostima, od kojih su izra\u017eeni tih rad i veoma niska potro\u0161nja energije posebno tokom mirovanja a \u010dine Mitsubishi Super Inverter + dobrim odabirom za niskoenergetska ku\u0107anstva. Jednostavan dizajn uz opciju wifi kontrolera osiguravaju elegantno rje\u0161enje uz visoku razinu komfora u Va\u0161em domu tokom cijele&#8230;<\/p>\n","protected":false},"featured_media":16613,"comment_status":"open","ping_status":"closed","template":"","meta":{"inline_featured_image":false},"product_brand":[],"product_cat":[506,508,507,421],"product_tag":[],"class_list":{"0":"post-15175","1":"product","2":"type-product","3":"status-publish","4":"has-post-thumbnail","6":"product_cat-klima-uredaji","7":"product_cat-klime-za-grijanje","8":"product_cat-klime-za-hladenje","9":"product_cat-mitsubishi-electric","11":"first","12":"instock","13":"sale","14":"shipping-taxable","15":"purchasable","16":"product-type-simple"},"etheme_brands":{"errors":{"invalid_taxonomy":["Nevaljana taksonomija."]},"error_data":[]},"_links":{"self":[{"href":"https:\/\/klimalink.hr\/stg02032026\/wp-json\/wp\/v2\/product\/15175","targetHints":{"allow":["GET"]}}],"collection":[{"href":"https:\/\/klimalink.hr\/stg02032026\/wp-json\/wp\/v2\/product"}],"about":[{"href":"https:\/\/klimalink.hr\/stg02032026\/wp-json\/wp\/v2\/types\/product"}],"replies":[{"embeddable":true,"href":"https:\/\/klimalink.hr\/stg02032026\/wp-json\/wp\/v2\/comments?post=15175"}],"version-history":[{"count":0,"href":"https:\/\/klimalink.hr\/stg02032026\/wp-json\/wp\/v2\/product\/15175\/revisions"}],"wp:featuredmedia":[{"embeddable":true,"href":"https:\/\/klimalink.hr\/stg02032026\/wp-json\/wp\/v2\/media\/16613"}],"wp:attachment":[{"href":"https:\/\/klimalink.hr\/stg02032026\/wp-json\/wp\/v2\/media?parent=15175"}],"wp:term":[{"taxonomy":"product_brand","embeddable":true,"href":"https:\/\/klimalink.hr\/stg02032026\/wp-json\/wp\/v2\/product_brand?post=15175"},{"taxonomy":"product_cat","embeddable":true,"href":"https:\/\/klimalink.hr\/stg02032026\/wp-json\/wp\/v2\/product_cat?post=15175"},{"taxonomy":"product_tag","embeddable":true,"href":"https:\/\/klimalink.hr\/stg02032026\/wp-json\/wp\/v2\/product_tag?post=15175"}],"curies":[{"name":"wp","href":"https:\/\/api.w.org\/{rel}","templated":true}]}}